{"id":3508,"date":"2025-03-20T16:00:31","date_gmt":"2025-03-20T16:00:31","guid":{"rendered":"https:\/\/www.normandie-couverture.com\/?page_id=3508"},"modified":"2025-05-28T15:24:20","modified_gmt":"2025-05-28T15:24:20","slug":"services-velux","status":"publish","type":"page","link":"https:\/\/www.wh-couverture.fr\/?page_id=3508","title":{"rendered":"Services Velux"},"content":{"rendered":"\t\t<div data-elementor-type=\"wp-page\" data-elementor-id=\"3508\" class=\"elementor elementor-3508\" data-elementor-settings=\"{&quot;ha_cmc_init_switcher&quot;:&quot;no&quot;}\">\n\t\t\t\t<div class=\"elementor-element elementor-element-1b09761e e-con-full e-flex e-con e-parent\" data-id=\"1b09761e\" data-element_type=\"container\" data-settings=\"{&quot;background_background&quot;:&quot;classic&quot;,&quot;_ha_eqh_enable&quot;:false}\">\n\t\t\t\t<div class=\"elementor-element elementor-element-73dd2963 elementor-widget elementor-widget-heading\" data-id=\"73dd2963\" data-element_type=\"widget\" data-widget_type=\"heading.default\">\n\t\t\t\t<div class=\"elementor-widget-container\">\n\t\t\t\t\t<h1 class=\"elementor-heading-title elementor-size-default\">Fen\u00eatres de Toit  VELUX<\/h1>\t\t\t\t<\/div>\n\t\t\t\t<\/div>\n\t\t\t\t<\/div>\n\t\t<div class=\"elementor-element elementor-element-35f1fb8a e-flex e-con-boxed e-con e-parent\" data-id=\"35f1fb8a\" data-element_type=\"container\" data-settings=\"{&quot;_ha_eqh_enable&quot;:false}\">\n\t\t\t\t\t<div class=\"e-con-inner\">\n\t\t<div class=\"elementor-element elementor-element-426bdcfc e-con-full e-flex e-con e-child\" data-id=\"426bdcfc\" data-element_type=\"container\" data-settings=\"{&quot;_ha_eqh_enable&quot;:false}\">\n\t\t\t\t<div class=\"elementor-element elementor-element-7ada7c80 elementor-widget elementor-widget-text-editor\" data-id=\"7ada7c80\" data-element_type=\"widget\" data-widget_type=\"text-editor.default\">\n\t\t\t\t<div class=\"elementor-widget-container\">\n\t\t\t\t\t\t\t\t\t<p data-start=\"118\" data-end=\"455\">Gr\u00e2ce \u00e0 notre expertise en toiture, l\u2019\u00e9quipe de WH-Couverture vous accompagne dans la cr\u00e9ation et la pose de fen\u00eatres de toit Velux\u00ae.<\/p><p data-start=\"118\" data-end=\"455\"><br data-start=\"255\" data-end=\"258\" \/>En tant qu\u2019Installateurs Conseil Velux, nous vous offrons un accompagnement personnalis\u00e9 pour choisir la meilleure solution d\u2019\u00e9clairage naturel, parfaitement adapt\u00e9e \u00e0 votre habitation.<\/p><p data-start=\"457\" data-end=\"853\">Votre toit est plat ou \u00e0 faible pente ? Vous souhaitez apporter plus de luminosit\u00e9 \u00e0 vos pi\u00e8ces ?<\/p><p data-start=\"457\" data-end=\"853\"><br data-start=\"558\" data-end=\"561\" \/>Nous vous proposons \u00e9galement l\u2019installation de fen\u00eatres coupoles, sp\u00e9cialement con\u00e7ues pour r\u00e9partir la lumi\u00e8re efficacement, m\u00eame en l\u2019absence d\u2019ouvertures verticales.<br data-start=\"738\" data-end=\"741\" data-is-only-node=\"\" \/>Ces solutions optimisent \u00e0 la fois le confort int\u00e9rieur et la performance \u00e9nerg\u00e9tique de votre logement.<\/p>\t\t\t\t\t\t\t\t<\/div>\n\t\t\t\t<\/div>\n\t\t\t\t<div class=\"elementor-element elementor-element-c7c780d elementor-widget elementor-widget-heading\" data-id=\"c7c780d\" data-element_type=\"widget\" data-widget_type=\"heading.default\">\n\t\t\t\t<div class=\"elementor-widget-container\">\n\t\t\t\t\t<h2 class=\"elementor-heading-title elementor-size-default\">Les avantages des fen\u00eatres de toit<\/h2>\t\t\t\t<\/div>\n\t\t\t\t<\/div>\n\t\t\t\t<div class=\"elementor-element elementor-element-fc80b74 elementor-widget elementor-widget-text-editor\" data-id=\"fc80b74\" data-element_type=\"widget\" data-widget_type=\"text-editor.default\">\n\t\t\t\t<div class=\"elementor-widget-container\">\n\t\t\t\t\t\t\t\t\t<p data-start=\"72\" data-end=\"360\">L\u2019installation d\u2019une fen\u00eatre de toit est une solution id\u00e9ale pour apporter luminosit\u00e9 et ventilation \u00e0 vos combles ou pi\u00e8ces sous toiture.<br data-start=\"214\" data-end=\"217\" \/>Selon le mod\u00e8le choisi, cette am\u00e9lioration peut \u00eatre r\u00e9alis\u00e9e \u00e0 un co\u00fbt raisonnable, tout en alliant praticit\u00e9, confort et performance.<\/p><p data-start=\"72\" data-end=\"360\">\u00a0<\/p><p data-start=\"362\" data-end=\"658\">Contrairement aux fen\u00eatres verticales classiques, la fen\u00eatre de toit inclin\u00e9e suit l\u2019inclinaison de votre toiture, offrant une exposition directe \u00e0 la lumi\u00e8re naturelle tout au long de la journ\u00e9e. R\u00e9sultat : une pi\u00e8ce plus lumineuse et une meilleure circulation de l\u2019air au quotidien.<\/p><p data-start=\"660\" data-end=\"902\">Chez WH-Couverture, nous vous accompagnons dans le choix et la pose de la fen\u00eatre de toit la mieux adapt\u00e9e \u00e0 votre couverture et \u00e0 vos besoins.<\/p><p data-start=\"660\" data-end=\"902\"><br data-start=\"815\" data-end=\"818\" \/><strong>Contactez-nous d\u00e8s maintenant pour un projet sur mesure et un devis gratuit !<\/strong><\/p>\t\t\t\t\t\t\t\t<\/div>\n\t\t\t\t<\/div>\n\t\t\t\t<div class=\"elementor-element elementor-element-892a805 elementor-widget elementor-widget-image\" data-id=\"892a805\" data-element_type=\"widget\" data-widget_type=\"image.default\">\n\t\t\t\t<div class=\"elementor-widget-container\">\n\t\t\t\t\t\t\t\t\t\t\t\t\t\t\t<img fetchpriority=\"high\" decoding=\"async\" width=\"1920\" height=\"802\" src=\"https:\/\/www.wh-couverture.fr\/wp-content\/uploads\/2025\/03\/Slide5.jpg\" class=\"attachment-full size-full wp-image-4056\" alt=\"\" srcset=\"https:\/\/www.wh-couverture.fr\/wp-content\/uploads\/2025\/03\/Slide5.jpg 1920w, https:\/\/www.wh-couverture.fr\/wp-content\/uploads\/2025\/03\/Slide5-300x125.jpg 300w, https:\/\/www.wh-couverture.fr\/wp-content\/uploads\/2025\/03\/Slide5-1024x428.jpg 1024w, https:\/\/www.wh-couverture.fr\/wp-content\/uploads\/2025\/03\/Slide5-768x321.jpg 768w, https:\/\/www.wh-couverture.fr\/wp-content\/uploads\/2025\/03\/Slide5-1536x642.jpg 1536w\" sizes=\"(max-width: 1920px) 100vw, 1920px\" \/>\t\t\t\t\t\t\t\t\t\t\t\t\t\t\t<\/div>\n\t\t\t\t<\/div>\n\t\t\t\t<div class=\"elementor-element elementor-element-7a13e7a5 elementor-widget elementor-widget-heading\" data-id=\"7a13e7a5\" data-element_type=\"widget\" data-widget_type=\"heading.default\">\n\t\t\t\t<div class=\"elementor-widget-container\">\n\t\t\t\t\t<h2 class=\"elementor-heading-title elementor-size-default\">Les \u00e9quipements de vos fen\u00eatres de toit VELUX<\/h2>\t\t\t\t<\/div>\n\t\t\t\t<\/div>\n\t\t\t\t<div class=\"elementor-element elementor-element-23f07cee elementor-widget elementor-widget-text-editor\" data-id=\"23f07cee\" data-element_type=\"widget\" data-widget_type=\"text-editor.default\">\n\t\t\t\t<div class=\"elementor-widget-container\">\n\t\t\t\t\t\t\t\t\t<p data-start=\"123\" data-end=\"271\">Pour am\u00e9liorer votre confort au quotidien, WH-Couverture \u00e9quipe vos fen\u00eatres de toit avec une large gamme d\u2019accessoires et d\u2019\u00e9quipements Velux\u00ae.<\/p><p data-start=\"123\" data-end=\"271\">\u00a0<\/p><p data-start=\"273\" data-end=\"530\">Selon vos besoins, nous installons stores, volets roulants \u00e9lectriques ou solaires, vous offrant une protection optimale contre la chaleur, la lumi\u00e8re et les regards, tout en assurant un contr\u00f4le pr\u00e9cis de la temp\u00e9rature et de la luminosit\u00e9.<\/p><p data-start=\"532\" data-end=\"1028\">Et parce que la domotique s\u2019invite d\u00e9sormais dans votre habitat, nous vous proposons la solution connect\u00e9e Velux\u00ae Active with Netatmo.<\/p><p data-start=\"532\" data-end=\"1028\"><br data-start=\"670\" data-end=\"673\" \/>Gr\u00e2ce \u00e0 cette box intelligente, reli\u00e9e \u00e0 votre r\u00e9seau Wi-Fi, vous pouvez piloter vos fen\u00eatres, volets et stores \u00e0 distance, depuis votre smartphone.<br data-start=\"825\" data-end=\"828\" \/>Dot\u00e9e de capteurs de CO\u2082, temp\u00e9rature et humidit\u00e9, elle ajuste automatiquement l\u2019ouverture des \u00e9quipements pour garantir un confort optimal et une meilleure qualit\u00e9 de l\u2019air int\u00e9rieur.<\/p>\t\t\t\t\t\t\t\t<\/div>\n\t\t\t\t<\/div>\n\t\t\t\t<\/div>\n\t\t<div class=\"elementor-element elementor-element-484abeb7 e-con-full e-flex e-con e-child\" data-id=\"484abeb7\" data-element_type=\"container\" data-settings=\"{&quot;_ha_eqh_enable&quot;:false}\">\n\t\t<div class=\"elementor-element elementor-element-379f4004 e-con-full e-flex e-con e-child\" data-id=\"379f4004\" data-element_type=\"container\" data-settings=\"{&quot;background_background&quot;:&quot;classic&quot;,&quot;_ha_eqh_enable&quot;:false}\">\n\t\t\t\t<div class=\"elementor-element elementor-element-5c35450a elementor-widget-tablet__width-initial elementor-widget elementor-widget-ehome-contact-form-widget\" data-id=\"5c35450a\" data-element_type=\"widget\" data-widget_type=\"ehome-contact-form-widget.default\">\n\t\t\t\t<div class=\"elementor-widget-container\">\n\t\t\t\t\t\r\n\r\n\t\r\n\r\n\t<div class=\"contact-wrapper\">\r\n\t\t<div class=\"contact-items\">\r\n\t\t\t<h3>DEVIS GRATUIT<\/h3>\r\n\t\t\t\n<div class=\"wpcf7 no-js\" id=\"wpcf7-f2979-o1\" lang=\"en-US\" dir=\"ltr\" data-wpcf7-id=\"2979\">\n<div class=\"screen-reader-response\"><p role=\"status\" aria-live=\"polite\" aria-atomic=\"true\"><\/p> <ul><\/ul><\/div>\n<form action=\"\/index.php?rest_route=%2Fwp%2Fv2%2Fpages%2F3508#wpcf7-f2979-o1\" method=\"post\" class=\"wpcf7-form init\" aria-label=\"Contact form\" novalidate=\"novalidate\" data-status=\"init\">\n<div style=\"display: none;\">\n<input type=\"hidden\" name=\"_wpcf7\" value=\"2979\" \/>\n<input type=\"hidden\" name=\"_wpcf7_version\" value=\"6.0.5\" \/>\n<input type=\"hidden\" name=\"_wpcf7_locale\" value=\"en_US\" \/>\n<input type=\"hidden\" name=\"_wpcf7_unit_tag\" value=\"wpcf7-f2979-o1\" \/>\n<input type=\"hidden\" name=\"_wpcf7_container_post\" value=\"0\" \/>\n<input type=\"hidden\" name=\"_wpcf7_posted_data_hash\" value=\"\" \/>\n<\/div>\n<div class=\"row g-4\">\n    <div class=\"col-lg-12 wow fadeInUp\">\n        <div class=\"form-clt\">\n            <span class=\"wpcf7-form-control-wrap\" data-name=\"text-437\"><input size=\"40\" maxlength=\"400\" class=\"wpcf7-form-control wpcf7-text\" aria-invalid=\"false\" placeholder=\"Nom\" value=\"\" type=\"text\" name=\"text-437\" \/><\/span>           \n        <\/div>\n    <\/div>\n  \n    <div class=\"col-lg-12 wow fadeInUp\">\n        <div class=\"form-clt\">\n            <span class=\"wpcf7-form-control-wrap\" data-name=\"tel-478\"><input size=\"40\" maxlength=\"400\" class=\"wpcf7-form-control wpcf7-tel wpcf7-text wpcf7-validates-as-tel\" aria-invalid=\"false\" placeholder=\"T\u00e9l\u00e9phone\" value=\"\" type=\"tel\" name=\"tel-478\" \/><\/span>\n        <\/div>\n    <\/div>\n    <div class=\"col-lg-12 wow fadeInUp\">\n        <div class=\"form-clt\">\n            <span class=\"wpcf7-form-control-wrap\" data-name=\"email-879\"><input size=\"40\" maxlength=\"400\" class=\"wpcf7-form-control wpcf7-email wpcf7-validates-as-required wpcf7-text wpcf7-validates-as-email\" aria-required=\"true\" aria-invalid=\"false\" placeholder=\"Email\" value=\"\" type=\"email\" name=\"email-879\" \/><\/span>\n        <\/div>\n    <\/div>\n    <div class=\"col-lg-12 wow fadeInUp\">\n        <div class=\"form-clt\">\n            <span class=\"wpcf7-form-control-wrap\" data-name=\"textarea-515\"><textarea cols=\"40\" rows=\"10\" maxlength=\"2000\" class=\"wpcf7-form-control wpcf7-textarea\" aria-invalid=\"false\" placeholder=\"Message\" name=\"textarea-515\"><\/textarea><\/span>\n        <\/div>\n    <\/div>\n    <div class=\"col-lg-12 wow fadeInUp\">\n        <button type=\"submit\" class=\"theme-btn w-100\">\n            ENVOYER\n        <\/button>\n    <\/div>\n<\/div><div class=\"wpcf7-response-output\" aria-hidden=\"true\"><\/div>\n<\/form>\n<\/div>\n\t\t<\/div>    \r\n    <\/div>\r\n\r\n\t\r\n\r\n             \r\n\t\t\t\t\t\t<\/div>\n\t\t\t\t<\/div>\n\t\t\t\t<\/div>\n\t\t\t\t<\/div>\n\t\t\t\t\t<\/div>\n\t\t\t\t<\/div>\n\t\t\t\t<\/div>\n\t\t","protected":false},"excerpt":{"rendered":"<p>Fen\u00eatres de Toit VELUX Gr\u00e2ce \u00e0 notre expertise en toiture, l\u2019\u00e9quipe de WH-Couverture vous accompagne dans la cr\u00e9ation et la pose de fen\u00eatres de toit Velux\u00ae. En tant qu\u2019Installateurs Conseil Velux, nous vous offrons un accompagnement personnalis\u00e9 pour choisir la meilleure solution d\u2019\u00e9clairage naturel, parfaitement adapt\u00e9e \u00e0 votre habitation. Votre toit est plat ou \u00e0<\/p>\n","protected":false},"author":2,"featured_media":0,"parent":0,"menu_order":0,"comment_status":"closed","ping_status":"closed","template":"elementor_header_footer","meta":{"inline_featured_image":false,"footnotes":""},"class_list":["post-3508","page","type-page","status-publish","hentry"],"aioseo_notices":[],"_links":{"self":[{"href":"https:\/\/www.wh-couverture.fr\/index.php?rest_route=\/wp\/v2\/pages\/3508","targetHints":{"allow":["GET"]}}],"collection":[{"href":"https:\/\/www.wh-couverture.fr\/index.php?rest_route=\/wp\/v2\/pages"}],"about":[{"href":"https:\/\/www.wh-couverture.fr\/index.php?rest_route=\/wp\/v2\/types\/page"}],"author":[{"embeddable":true,"href":"https:\/\/www.wh-couverture.fr\/index.php?rest_route=\/wp\/v2\/users\/2"}],"replies":[{"embeddable":true,"href":"https:\/\/www.wh-couverture.fr\/index.php?rest_route=%2Fwp%2Fv2%2Fcomments&post=3508"}],"version-history":[{"count":12,"href":"https:\/\/www.wh-couverture.fr\/index.php?rest_route=\/wp\/v2\/pages\/3508\/revisions"}],"predecessor-version":[{"id":5079,"href":"https:\/\/www.wh-couverture.fr\/index.php?rest_route=\/wp\/v2\/pages\/3508\/revisions\/5079"}],"wp:attachment":[{"href":"https:\/\/www.wh-couverture.fr\/index.php?rest_route=%2Fwp%2Fv2%2Fmedia&parent=3508"}],"curies":[{"name":"wp","href":"https:\/\/api.w.org\/{rel}","templated":true}]}}