{"id":3493,"date":"2025-03-20T15:32:22","date_gmt":"2025-03-20T15:32:22","guid":{"rendered":"https:\/\/www.normandie-couverture.com\/?page_id=3493"},"modified":"2025-05-28T15:20:20","modified_gmt":"2025-05-28T15:20:20","slug":"services-zinguerie","status":"publish","type":"page","link":"https:\/\/www.wh-couverture.fr\/?page_id=3493","title":{"rendered":"Services Zinguerie"},"content":{"rendered":"\t\t<div data-elementor-type=\"wp-page\" data-elementor-id=\"3493\" class=\"elementor elementor-3493\" data-elementor-settings=\"{&quot;ha_cmc_init_switcher&quot;:&quot;no&quot;}\">\n\t\t\t\t<div class=\"elementor-element elementor-element-1b09761e e-con-full e-flex e-con e-parent\" data-id=\"1b09761e\" data-element_type=\"container\" data-settings=\"{&quot;background_background&quot;:&quot;classic&quot;,&quot;_ha_eqh_enable&quot;:false}\">\n\t\t\t\t<div class=\"elementor-element elementor-element-73dd2963 elementor-widget elementor-widget-heading\" data-id=\"73dd2963\" data-element_type=\"widget\" data-widget_type=\"heading.default\">\n\t\t\t\t<div class=\"elementor-widget-container\">\n\t\t\t\t\t<h1 class=\"elementor-heading-title elementor-size-default\">Goutti\u00e8res et Zinguerie<\/h1>\t\t\t\t<\/div>\n\t\t\t\t<\/div>\n\t\t\t\t<\/div>\n\t\t<div class=\"elementor-element elementor-element-35f1fb8a e-flex e-con-boxed e-con e-parent\" data-id=\"35f1fb8a\" data-element_type=\"container\" data-settings=\"{&quot;_ha_eqh_enable&quot;:false}\">\n\t\t\t\t\t<div class=\"e-con-inner\">\n\t\t<div class=\"elementor-element elementor-element-426bdcfc e-con-full e-flex e-con e-child\" data-id=\"426bdcfc\" data-element_type=\"container\" data-settings=\"{&quot;_ha_eqh_enable&quot;:false}\">\n\t\t\t\t<div class=\"elementor-element elementor-element-7ada7c80 elementor-widget elementor-widget-text-editor\" data-id=\"7ada7c80\" data-element_type=\"widget\" data-widget_type=\"text-editor.default\">\n\t\t\t\t<div class=\"elementor-widget-container\">\n\t\t\t\t\t\t\t\t\t<p data-start=\"72\" data-end=\"388\">Sp\u00e9cialistes des toitures en zinc, ardoise et tuiles, nous r\u00e9alisons tous vos projets d\u2019am\u00e9lioration et de r\u00e9novation de toiture \u00e0 Lille et dans la m\u00e9tropole lilloise.<br data-start=\"243\" data-end=\"246\" \/>En tant qu\u2019artisans couvreurs engag\u00e9s, nous vous garantissons des travaux de qualit\u00e9, durables et conformes aux normes en vigueur.<\/p><p data-start=\"72\" data-end=\"388\">\u00a0<\/p><p data-start=\"390\" data-end=\"655\">Vous pouvez \u00e9galement nous confier l\u2019entretien, le d\u00e9pannage et la r\u00e9paration de votre toit, que ce soit pour une toiture en t\u00f4le ondul\u00e9e, des infiltrations, une \u00e9tanch\u00e9it\u00e9 affaiblie, ou tout autre probl\u00e8me li\u00e9 \u00e0 vos mat\u00e9riaux de couverture.<\/p><p data-start=\"657\" data-end=\"777\">Nos couvreurs qualifi\u00e9s interviennent rapidement \u00e0 Lille et dans les environs, sur simple appel ou demande par mail.<\/p><p data-start=\"779\" data-end=\"865\">Contactez WH-Couverture d\u00e8s aujourd\u2019hui pour un devis gratuit et personnalis\u00e9 !<\/p>\t\t\t\t\t\t\t\t<\/div>\n\t\t\t\t<\/div>\n\t\t\t\t<div class=\"elementor-element elementor-element-c7c780d elementor-widget elementor-widget-heading\" data-id=\"c7c780d\" data-element_type=\"widget\" data-widget_type=\"heading.default\">\n\t\t\t\t<div class=\"elementor-widget-container\">\n\t\t\t\t\t<h2 class=\"elementor-heading-title elementor-size-default\">Votre Expert en Zinguerie \u00e0 Lille<\/h2>\t\t\t\t<\/div>\n\t\t\t\t<\/div>\n\t\t\t\t<div class=\"elementor-element elementor-element-fc80b74 elementor-widget elementor-widget-text-editor\" data-id=\"fc80b74\" data-element_type=\"widget\" data-widget_type=\"text-editor.default\">\n\t\t\t\t<div class=\"elementor-widget-container\">\n\t\t\t\t\t\t\t\t\t<p data-start=\"94\" data-end=\"339\">Souvent m\u00e9connu, le zinc est pourtant un \u00e9l\u00e9ment cl\u00e9 dans de nombreuses toitures.<br data-start=\"179\" data-end=\"182\" \/>Son aspect moderne et \u00e9l\u00e9gant en fait un mat\u00e9riau de choix, mais sa pose et son entretien n\u00e9cessitent l\u2019intervention d\u2019un couvreur zingueur qualifi\u00e9.<\/p><p data-start=\"94\" data-end=\"339\">\u00a0<\/p><p data-start=\"341\" data-end=\"564\">Utilis\u00e9 pour assurer l\u2019\u00e9tanch\u00e9it\u00e9 autour des fen\u00eatres de toit, chemin\u00e9es, goutti\u00e8res, rives et raccords entre diff\u00e9rents \u00e9l\u00e9ments de couverture, le zinc est pr\u00e9sent sur de nombreux toits en tuiles ou en ardoise.<\/p><p data-start=\"566\" data-end=\"904\">Pour tous vos travaux de zinguerie \u00e0 Lille et dans la m\u00e9tropole lilloise, faites confiance \u00e0 WH-Couverture.<br data-start=\"681\" data-end=\"684\" \/>Ce mat\u00e9riau, \u00e0 la fois solide et durable (jusqu\u2019\u00e0 100 ans), offre une excellente protection contre les intemp\u00e9ries.<br data-start=\"807\" data-end=\"810\" \/>Son \u00e9volution naturelle lui conf\u00e8re une patine esth\u00e9tique, alliant style et long\u00e9vit\u00e9.<\/p><p data-start=\"566\" data-end=\"904\">\u00a0<\/p><p data-start=\"906\" data-end=\"1168\">Le r\u00f4le du couvreur zingueur est essentiel : il veille \u00e0 ce que chaque d\u00e9tail \u2013 raccords, \u00e9vacuations d\u2019eau, entourage de chemin\u00e9e, puits de lumi\u00e8re \u2013 soit parfaitement r\u00e9alis\u00e9 pour garantir l\u2019\u00e9tanch\u00e9it\u00e9 et les performances globales de votre toiture.<\/p>\t\t\t\t\t\t\t\t<\/div>\n\t\t\t\t<\/div>\n\t\t\t\t<div class=\"elementor-element elementor-element-894b000 elementor-widget elementor-widget-image\" data-id=\"894b000\" data-element_type=\"widget\" data-widget_type=\"image.default\">\n\t\t\t\t<div class=\"elementor-widget-container\">\n\t\t\t\t\t\t\t\t\t\t\t\t\t\t\t<img fetchpriority=\"high\" decoding=\"async\" width=\"1200\" height=\"801\" src=\"https:\/\/www.wh-couverture.fr\/wp-content\/uploads\/2025\/03\/finition-soudure-gouttiere-1200x801-1.jpg\" class=\"attachment-full size-full wp-image-4061\" alt=\"\" srcset=\"https:\/\/www.wh-couverture.fr\/wp-content\/uploads\/2025\/03\/finition-soudure-gouttiere-1200x801-1.jpg 1200w, https:\/\/www.wh-couverture.fr\/wp-content\/uploads\/2025\/03\/finition-soudure-gouttiere-1200x801-1-300x200.jpg 300w, https:\/\/www.wh-couverture.fr\/wp-content\/uploads\/2025\/03\/finition-soudure-gouttiere-1200x801-1-1024x684.jpg 1024w, https:\/\/www.wh-couverture.fr\/wp-content\/uploads\/2025\/03\/finition-soudure-gouttiere-1200x801-1-768x513.jpg 768w\" sizes=\"(max-width: 1200px) 100vw, 1200px\" \/>\t\t\t\t\t\t\t\t\t\t\t\t\t\t\t<\/div>\n\t\t\t\t<\/div>\n\t\t\t\t<div class=\"elementor-element elementor-element-7a13e7a5 elementor-widget elementor-widget-heading\" data-id=\"7a13e7a5\" data-element_type=\"widget\" data-widget_type=\"heading.default\">\n\t\t\t\t<div class=\"elementor-widget-container\">\n\t\t\t\t\t<h2 class=\"elementor-heading-title elementor-size-default\">WH COUVERTURE : Artisan Couvreur Zingueur<\/h2>\t\t\t\t<\/div>\n\t\t\t\t<\/div>\n\t\t\t\t<div class=\"elementor-element elementor-element-23f07cee elementor-widget elementor-widget-text-editor\" data-id=\"23f07cee\" data-element_type=\"widget\" data-widget_type=\"text-editor.default\">\n\t\t\t\t<div class=\"elementor-widget-container\">\n\t\t\t\t\t\t\t\t\t<p data-start=\"90\" data-end=\"421\">Le r\u00f4le principal du couvreur zingueur est d\u2019assurer l\u2019\u00e9tanch\u00e9it\u00e9 compl\u00e8te de votre toiture et d\u2019\u00e9viter toute infiltration d\u2019eau ou d\u2019humidit\u00e9.<\/p><p data-start=\"90\" data-end=\"421\"><br data-start=\"237\" data-end=\"240\" \/>Pour cela, il utilise divers mat\u00e9riaux adapt\u00e9s : zinc, cuivre, plomb, inox, aluminium, acier galvanis\u00e9, mais aussi des solutions modernes comme le PVC ou la terre cuite.<\/p><p data-start=\"423\" data-end=\"745\">Parmi les \u00e9l\u00e9ments cl\u00e9s de la zinguerie, la gestion des eaux pluviales est essentielle. Cela comprend la pose et la r\u00e9paration des goutti\u00e8res, descentes d\u2019eau et syst\u00e8mes de drainage, qui doivent \u00eatre parfaitement install\u00e9s pour \u00e9viter l\u2019humidit\u00e9, les moisissures ou les infiltrations dans le b\u00e2timent.<\/p><p data-start=\"423\" data-end=\"745\">\u00a0<\/p><p data-start=\"747\" data-end=\"980\">En tant que couvreur zingueur exp\u00e9riment\u00e9 \u00e0 Lille, WH-Couverture ma\u00eetrise \u00e9galement la pose de tuiles, d\u2019ardoises et autres mat\u00e9riaux traditionnels ou r\u00e9gionaux, pour une toiture \u00e0 la fois fonctionnelle et esth\u00e9tique.<\/p><p data-start=\"982\" data-end=\"1234\">Nous assurons \u00e9galement tous les raccords entre les \u00e9l\u00e9ments de toiture : lucarnes, chemin\u00e9es, fa\u00eetages, ainsi que la pose de solins et de noues, indispensables pour garantir une \u00e9tanch\u00e9it\u00e9 parfaite entre les murs et les pentes du toit.<\/p>\t\t\t\t\t\t\t\t<\/div>\n\t\t\t\t<\/div>\n\t\t\t\t<\/div>\n\t\t<div class=\"elementor-element elementor-element-484abeb7 e-con-full e-flex e-con e-child\" data-id=\"484abeb7\" data-element_type=\"container\" data-settings=\"{&quot;_ha_eqh_enable&quot;:false}\">\n\t\t<div class=\"elementor-element elementor-element-379f4004 e-con-full e-flex e-con e-child\" data-id=\"379f4004\" data-element_type=\"container\" data-settings=\"{&quot;background_background&quot;:&quot;classic&quot;,&quot;_ha_eqh_enable&quot;:false}\">\n\t\t\t\t<div class=\"elementor-element elementor-element-5c35450a elementor-widget-tablet__width-initial elementor-widget elementor-widget-ehome-contact-form-widget\" data-id=\"5c35450a\" data-element_type=\"widget\" data-widget_type=\"ehome-contact-form-widget.default\">\n\t\t\t\t<div class=\"elementor-widget-container\">\n\t\t\t\t\t\r\n\r\n\t\r\n\r\n\t<div class=\"contact-wrapper\">\r\n\t\t<div class=\"contact-items\">\r\n\t\t\t<h3>DEVIS GRATUIT<\/h3>\r\n\t\t\t\n<div class=\"wpcf7 no-js\" id=\"wpcf7-f2979-o1\" lang=\"en-US\" dir=\"ltr\" data-wpcf7-id=\"2979\">\n<div class=\"screen-reader-response\"><p role=\"status\" aria-live=\"polite\" aria-atomic=\"true\"><\/p> <ul><\/ul><\/div>\n<form action=\"\/index.php?rest_route=%2Fwp%2Fv2%2Fpages%2F3493#wpcf7-f2979-o1\" method=\"post\" class=\"wpcf7-form init\" aria-label=\"Contact form\" novalidate=\"novalidate\" data-status=\"init\">\n<div style=\"display: none;\">\n<input type=\"hidden\" name=\"_wpcf7\" value=\"2979\" \/>\n<input type=\"hidden\" name=\"_wpcf7_version\" value=\"6.0.5\" \/>\n<input type=\"hidden\" name=\"_wpcf7_locale\" value=\"en_US\" \/>\n<input type=\"hidden\" name=\"_wpcf7_unit_tag\" value=\"wpcf7-f2979-o1\" \/>\n<input type=\"hidden\" name=\"_wpcf7_container_post\" value=\"0\" \/>\n<input type=\"hidden\" name=\"_wpcf7_posted_data_hash\" value=\"\" \/>\n<\/div>\n<div class=\"row g-4\">\n    <div class=\"col-lg-12 wow fadeInUp\">\n        <div class=\"form-clt\">\n            <span class=\"wpcf7-form-control-wrap\" data-name=\"text-437\"><input size=\"40\" maxlength=\"400\" class=\"wpcf7-form-control wpcf7-text\" aria-invalid=\"false\" placeholder=\"Nom\" value=\"\" type=\"text\" name=\"text-437\" \/><\/span>           \n        <\/div>\n    <\/div>\n  \n    <div class=\"col-lg-12 wow fadeInUp\">\n        <div class=\"form-clt\">\n            <span class=\"wpcf7-form-control-wrap\" data-name=\"tel-478\"><input size=\"40\" maxlength=\"400\" class=\"wpcf7-form-control wpcf7-tel wpcf7-text wpcf7-validates-as-tel\" aria-invalid=\"false\" placeholder=\"T\u00e9l\u00e9phone\" value=\"\" type=\"tel\" name=\"tel-478\" \/><\/span>\n        <\/div>\n    <\/div>\n    <div class=\"col-lg-12 wow fadeInUp\">\n        <div class=\"form-clt\">\n            <span class=\"wpcf7-form-control-wrap\" data-name=\"email-879\"><input size=\"40\" maxlength=\"400\" class=\"wpcf7-form-control wpcf7-email wpcf7-validates-as-required wpcf7-text wpcf7-validates-as-email\" aria-required=\"true\" aria-invalid=\"false\" placeholder=\"Email\" value=\"\" type=\"email\" name=\"email-879\" \/><\/span>\n        <\/div>\n    <\/div>\n    <div class=\"col-lg-12 wow fadeInUp\">\n        <div class=\"form-clt\">\n            <span class=\"wpcf7-form-control-wrap\" data-name=\"textarea-515\"><textarea cols=\"40\" rows=\"10\" maxlength=\"2000\" class=\"wpcf7-form-control wpcf7-textarea\" aria-invalid=\"false\" placeholder=\"Message\" name=\"textarea-515\"><\/textarea><\/span>\n        <\/div>\n    <\/div>\n    <div class=\"col-lg-12 wow fadeInUp\">\n        <button type=\"submit\" class=\"theme-btn w-100\">\n            ENVOYER\n        <\/button>\n    <\/div>\n<\/div><div class=\"wpcf7-response-output\" aria-hidden=\"true\"><\/div>\n<\/form>\n<\/div>\n\t\t<\/div>    \r\n    <\/div>\r\n\r\n\t\r\n\r\n             \r\n\t\t\t\t\t\t<\/div>\n\t\t\t\t<\/div>\n\t\t\t\t<\/div>\n\t\t\t\t<\/div>\n\t\t\t\t\t<\/div>\n\t\t\t\t<\/div>\n\t\t\t\t<\/div>\n\t\t","protected":false},"excerpt":{"rendered":"<p>Goutti\u00e8res et Zinguerie Sp\u00e9cialistes des toitures en zinc, ardoise et tuiles, nous r\u00e9alisons tous vos projets d\u2019am\u00e9lioration et de r\u00e9novation de toiture \u00e0 Lille et dans la m\u00e9tropole lilloise.En tant qu\u2019artisans couvreurs engag\u00e9s, nous vous garantissons des travaux de qualit\u00e9, durables et conformes aux normes en vigueur. \u00a0 Vous pouvez \u00e9galement nous confier l\u2019entretien, le<\/p>\n","protected":false},"author":2,"featured_media":0,"parent":0,"menu_order":0,"comment_status":"closed","ping_status":"closed","template":"elementor_header_footer","meta":{"inline_featured_image":false,"footnotes":""},"class_list":["post-3493","page","type-page","status-publish","hentry"],"aioseo_notices":[],"_links":{"self":[{"href":"https:\/\/www.wh-couverture.fr\/index.php?rest_route=\/wp\/v2\/pages\/3493","targetHints":{"allow":["GET"]}}],"collection":[{"href":"https:\/\/www.wh-couverture.fr\/index.php?rest_route=\/wp\/v2\/pages"}],"about":[{"href":"https:\/\/www.wh-couverture.fr\/index.php?rest_route=\/wp\/v2\/types\/page"}],"author":[{"embeddable":true,"href":"https:\/\/www.wh-couverture.fr\/index.php?rest_route=\/wp\/v2\/users\/2"}],"replies":[{"embeddable":true,"href":"https:\/\/www.wh-couverture.fr\/index.php?rest_route=%2Fwp%2Fv2%2Fcomments&post=3493"}],"version-history":[{"count":27,"href":"https:\/\/www.wh-couverture.fr\/index.php?rest_route=\/wp\/v2\/pages\/3493\/revisions"}],"predecessor-version":[{"id":5071,"href":"https:\/\/www.wh-couverture.fr\/index.php?rest_route=\/wp\/v2\/pages\/3493\/revisions\/5071"}],"wp:attachment":[{"href":"https:\/\/www.wh-couverture.fr\/index.php?rest_route=%2Fwp%2Fv2%2Fmedia&parent=3493"}],"curies":[{"name":"wp","href":"https:\/\/api.w.org\/{rel}","templated":true}]}}