{"id":3437,"date":"2025-03-20T14:27:42","date_gmt":"2025-03-20T14:27:42","guid":{"rendered":"https:\/\/www.normandie-couverture.com\/?page_id=3437"},"modified":"2025-08-11T14:03:59","modified_gmt":"2025-08-11T14:03:59","slug":"services-ravalement","status":"publish","type":"page","link":"https:\/\/www.wh-couverture.fr\/?page_id=3437","title":{"rendered":"Services Ravalement"},"content":{"rendered":"\t\t<div data-elementor-type=\"wp-page\" data-elementor-id=\"3437\" class=\"elementor elementor-3437\" data-elementor-settings=\"{&quot;ha_cmc_init_switcher&quot;:&quot;no&quot;}\">\n\t\t\t\t<div class=\"elementor-element elementor-element-1b09761e e-con-full e-flex e-con e-parent\" data-id=\"1b09761e\" data-element_type=\"container\" data-settings=\"{&quot;background_background&quot;:&quot;classic&quot;,&quot;_ha_eqh_enable&quot;:false}\">\n\t\t\t\t<div class=\"elementor-element elementor-element-73dd2963 elementor-widget elementor-widget-heading\" data-id=\"73dd2963\" data-element_type=\"widget\" data-widget_type=\"heading.default\">\n\t\t\t\t<div class=\"elementor-widget-container\">\n\t\t\t\t\t<h1 class=\"elementor-heading-title elementor-size-default\">Peinture & Ravalement Fa\u00e7ade<\/h1>\t\t\t\t<\/div>\n\t\t\t\t<\/div>\n\t\t\t\t<\/div>\n\t\t<div class=\"elementor-element elementor-element-35f1fb8a e-flex e-con-boxed e-con e-parent\" data-id=\"35f1fb8a\" data-element_type=\"container\" data-settings=\"{&quot;_ha_eqh_enable&quot;:false}\">\n\t\t\t\t\t<div class=\"e-con-inner\">\n\t\t<div class=\"elementor-element elementor-element-426bdcfc e-con-full e-flex e-con e-child\" data-id=\"426bdcfc\" data-element_type=\"container\" data-settings=\"{&quot;_ha_eqh_enable&quot;:false}\">\n\t\t\t\t<div class=\"elementor-element elementor-element-c7c780d elementor-widget elementor-widget-heading\" data-id=\"c7c780d\" data-element_type=\"widget\" data-widget_type=\"heading.default\">\n\t\t\t\t<div class=\"elementor-widget-container\">\n\t\t\t\t\t<h2 class=\"elementor-heading-title elementor-size-default\">Une prestation compl\u00e8te avec WH COUVERTURE<\/h2>\t\t\t\t<\/div>\n\t\t\t\t<\/div>\n\t\t\t\t<div class=\"elementor-element elementor-element-7ada7c80 elementor-widget elementor-widget-text-editor\" data-id=\"7ada7c80\" data-element_type=\"widget\" data-widget_type=\"text-editor.default\">\n\t\t\t\t<div class=\"elementor-widget-container\">\n\t\t\t\t\t\t\t\t\t<p data-start=\"138\" data-end=\"405\">Avec le temps, les fa\u00e7ades se salissent, se fissurent et perdent de leur \u00e9clat.<br data-start=\"217\" data-end=\"220\" \/>Chez <strong data-start=\"225\" data-end=\"242\">WH-Couverture<\/strong>, nous intervenons pour nettoyer, r\u00e9parer et embellir vos murs ext\u00e9rieurs, tout en les prot\u00e9geant durablement contre l\u2019humidit\u00e9, la pollution et les intemp\u00e9ries.<\/p><p data-start=\"138\" data-end=\"405\">\u00a0<\/p><p data-start=\"407\" data-end=\"571\">Avant toute intervention, nous r\u00e9alisons un diagnostic pr\u00e9cis afin de d\u00e9terminer les traitements les plus adapt\u00e9s :<\/p><ul data-start=\"573\" data-end=\"711\"><li data-start=\"573\" data-end=\"615\"><p data-start=\"575\" data-end=\"615\">Fa\u00e7ade fissur\u00e9e, encrass\u00e9e ou d\u00e9grad\u00e9e<\/p><\/li><li data-start=\"616\" data-end=\"667\"><p data-start=\"618\" data-end=\"667\">Pr\u00e9sence d\u2019humidit\u00e9, de pollution ou de mousses<\/p><\/li><li data-start=\"668\" data-end=\"711\"><p data-start=\"670\" data-end=\"711\">Ancienne peinture \u00e9caill\u00e9e ou d\u00e9color\u00e9e<\/p><\/li><\/ul><p data-start=\"713\" data-end=\"1020\">\u00a0<\/p><p data-start=\"713\" data-end=\"1020\"><strong data-start=\"713\" data-end=\"743\">Nos prestations incluent :<\/strong><\/p><p data-start=\"713\" data-end=\"1020\">\u2705 Nettoyage haute pression ou traitement \u00e9cologique<\/p><p data-start=\"713\" data-end=\"1020\">\u2705 Traitement anti-mousse et hydrofuge<\/p><p data-start=\"713\" data-end=\"1020\">\u2705 R\u00e9paration des fissures et reprise des enduits<\/p><p data-start=\"713\" data-end=\"1020\">\u2705 Application de peinture de fa\u00e7ade ou rev\u00eatement d\u00e9coratif<\/p><p data-start=\"713\" data-end=\"1020\">\u2705 Peinture ext\u00e9rieure (murs, boiseries, volets, dessous de toit\u2026)<\/p><p data-start=\"1022\" data-end=\"1353\">\u00a0<\/p><p data-start=\"1022\" data-end=\"1353\">Nous utilisons des produits professionnels, r\u00e9sistants et adapt\u00e9s \u00e0 chaque support, pour garantir des fa\u00e7ades propres, prot\u00e9g\u00e9es et esth\u00e9tiques sur le long terme.<br data-start=\"1223\" data-end=\"1226\" \/>Tous nos chantiers sont couverts par une garantie d\u00e9cennale et r\u00e9alis\u00e9s dans le respect des d\u00e9lais et de votre environnement.<\/p><p data-start=\"1355\" data-end=\"1501\">\u00a0<\/p><p data-start=\"1355\" data-end=\"1501\"><strong data-start=\"1355\" data-end=\"1422\">Besoin d\u2019un ravalement de votre fa\u00e7ade ou d\u2019une remise en peinture ext\u00e9rieure ?<\/strong><br data-start=\"1422\" data-end=\"1425\" \/>Contactez <strong data-start=\"1435\" data-end=\"1452\">WH-Couverture<\/strong> pour une \u00e9valuation gratuite et personnalis\u00e9e.<\/p>\t\t\t\t\t\t\t\t<\/div>\n\t\t\t\t<\/div>\n\t\t\t\t<div class=\"elementor-element elementor-element-2df13f7 elementor-widget elementor-widget-image\" data-id=\"2df13f7\" data-element_type=\"widget\" data-widget_type=\"image.default\">\n\t\t\t\t<div class=\"elementor-widget-container\">\n\t\t\t\t\t\t\t\t\t\t\t\t\t\t\t<img fetchpriority=\"high\" decoding=\"async\" width=\"942\" height=\"490\" src=\"https:\/\/www.wh-couverture.fr\/wp-content\/uploads\/2025\/08\/100-10.jpg\" class=\"attachment-full size-full wp-image-5308\" alt=\"\" srcset=\"https:\/\/www.wh-couverture.fr\/wp-content\/uploads\/2025\/08\/100-10.jpg 942w, https:\/\/www.wh-couverture.fr\/wp-content\/uploads\/2025\/08\/100-10-300x156.jpg 300w, https:\/\/www.wh-couverture.fr\/wp-content\/uploads\/2025\/08\/100-10-768x399.jpg 768w\" sizes=\"(max-width: 942px) 100vw, 942px\" \/>\t\t\t\t\t\t\t\t\t\t\t\t\t\t\t<\/div>\n\t\t\t\t<\/div>\n\t\t\t\t<div class=\"elementor-element elementor-element-7a13e7a5 elementor-widget elementor-widget-heading\" data-id=\"7a13e7a5\" data-element_type=\"widget\" data-widget_type=\"heading.default\">\n\t\t\t\t<div class=\"elementor-widget-container\">\n\t\t\t\t\t<h2 class=\"elementor-heading-title elementor-size-default\">WH-COUVERTURE, c'est aussi votre sp\u00e9cialiste pour vos peinture int\u00e9rieure !<\/h2>\t\t\t\t<\/div>\n\t\t\t\t<\/div>\n\t\t\t\t<div class=\"elementor-element elementor-element-23f07cee elementor-widget elementor-widget-text-editor\" data-id=\"23f07cee\" data-element_type=\"widget\" data-widget_type=\"text-editor.default\">\n\t\t\t\t<div class=\"elementor-widget-container\">\n\t\t\t\t\t\t\t\t\t<p data-start=\"124\" data-end=\"323\">En compl\u00e9ment de nos travaux de toiture et de fa\u00e7ade, <strong data-start=\"178\" data-end=\"195\">WH-Couverture<\/strong> r\u00e9alise \u00e9galement vos projets de peinture int\u00e9rieure afin de cr\u00e9er une ambiance sur mesure dans chaque pi\u00e8ce de votre maison.<\/p><p data-start=\"325\" data-end=\"567\">\u00a0<\/p><p data-start=\"325\" data-end=\"567\"><strong data-start=\"325\" data-end=\"353\">Nous prenons en charge :<\/strong><\/p><p data-start=\"325\" data-end=\"567\">\u2705 Pr\u00e9paration des supports (rebouchage, pon\u00e7age, sous-couche)<\/p><p data-start=\"325\" data-end=\"567\">\u2705 Application de peintures murales et plafonds<\/p><p data-start=\"325\" data-end=\"567\">\u2705 Finitions soign\u00e9es et durables<\/p><p data-start=\"325\" data-end=\"567\">\u2705 Conseils personnalis\u00e9s sur les teintes, effets et finitions<\/p><p data-start=\"569\" data-end=\"698\">\u00a0<\/p><p data-start=\"569\" data-end=\"698\">Nos artisans peintres vous garantissent un travail propre, rapide et soign\u00e9, en respectant vos choix esth\u00e9tiques et vos d\u00e9lais.<\/p><p data-start=\"700\" data-end=\"894\">Que vous souhaitiez rafra\u00eechir vos pi\u00e8ces int\u00e9rieures ou r\u00e9nover l\u2019aspect ext\u00e9rieur de votre maison, <strong data-start=\"801\" data-end=\"818\">WH-Couverture<\/strong> vous accompagne avec une approche globale, professionnelle et sur mesure.<\/p><p data-start=\"896\" data-end=\"1110\">\u00a0<\/p><p data-start=\"896\" data-end=\"1110\">Nous utilisons des produits de qualit\u00e9, r\u00e9sistants et adapt\u00e9s \u00e0 chaque support, pour un rendu impeccable et durable.<br data-start=\"1012\" data-end=\"1015\" \/><strong data-start=\"1015\" data-end=\"1035\">Notre objectif :<\/strong> sublimer votre habitat tout en assurant sa protection sur le long terme.<\/p><p data-start=\"1112\" data-end=\"1276\"><strong data-start=\"1112\" data-end=\"1139\">Contactez WH-Couverture<\/strong> d\u00e8s aujourd\u2019hui pour un devis gratuit et confiez vos projets de peinture ou de ravalement \u00e0 une \u00e9quipe locale, s\u00e9rieuse et \u00e0 l\u2019\u00e9coute.<\/p>\t\t\t\t\t\t\t\t<\/div>\n\t\t\t\t<\/div>\n\t\t\t\t<\/div>\n\t\t<div class=\"elementor-element elementor-element-484abeb7 e-con-full e-flex e-con e-child\" data-id=\"484abeb7\" data-element_type=\"container\" data-settings=\"{&quot;_ha_eqh_enable&quot;:false}\">\n\t\t<div class=\"elementor-element elementor-element-379f4004 e-con-full e-flex e-con e-child\" data-id=\"379f4004\" data-element_type=\"container\" data-settings=\"{&quot;background_background&quot;:&quot;classic&quot;,&quot;_ha_eqh_enable&quot;:false}\">\n\t\t\t\t<div class=\"elementor-element elementor-element-5c35450a elementor-widget-tablet__width-initial elementor-widget elementor-widget-ehome-contact-form-widget\" data-id=\"5c35450a\" data-element_type=\"widget\" data-widget_type=\"ehome-contact-form-widget.default\">\n\t\t\t\t<div class=\"elementor-widget-container\">\n\t\t\t\t\t\r\n\r\n\t\r\n\r\n\t<div class=\"contact-wrapper\">\r\n\t\t<div class=\"contact-items\">\r\n\t\t\t<h3>DEVIS GRATUIT<\/h3>\r\n\t\t\t\n<div class=\"wpcf7 no-js\" id=\"wpcf7-f2979-o1\" lang=\"en-US\" dir=\"ltr\" data-wpcf7-id=\"2979\">\n<div class=\"screen-reader-response\"><p role=\"status\" aria-live=\"polite\" aria-atomic=\"true\"><\/p> <ul><\/ul><\/div>\n<form action=\"\/index.php?rest_route=%2Fwp%2Fv2%2Fpages%2F3437#wpcf7-f2979-o1\" method=\"post\" class=\"wpcf7-form init\" aria-label=\"Contact form\" novalidate=\"novalidate\" data-status=\"init\">\n<div style=\"display: none;\">\n<input type=\"hidden\" name=\"_wpcf7\" value=\"2979\" \/>\n<input type=\"hidden\" name=\"_wpcf7_version\" value=\"6.0.5\" \/>\n<input type=\"hidden\" name=\"_wpcf7_locale\" value=\"en_US\" \/>\n<input type=\"hidden\" name=\"_wpcf7_unit_tag\" value=\"wpcf7-f2979-o1\" \/>\n<input type=\"hidden\" name=\"_wpcf7_container_post\" value=\"0\" \/>\n<input type=\"hidden\" name=\"_wpcf7_posted_data_hash\" value=\"\" \/>\n<\/div>\n<div class=\"row g-4\">\n    <div class=\"col-lg-12 wow fadeInUp\">\n        <div class=\"form-clt\">\n            <span class=\"wpcf7-form-control-wrap\" data-name=\"text-437\"><input size=\"40\" maxlength=\"400\" class=\"wpcf7-form-control wpcf7-text\" aria-invalid=\"false\" placeholder=\"Nom\" value=\"\" type=\"text\" name=\"text-437\" \/><\/span>           \n        <\/div>\n    <\/div>\n  \n    <div class=\"col-lg-12 wow fadeInUp\">\n        <div class=\"form-clt\">\n            <span class=\"wpcf7-form-control-wrap\" data-name=\"tel-478\"><input size=\"40\" maxlength=\"400\" class=\"wpcf7-form-control wpcf7-tel wpcf7-text wpcf7-validates-as-tel\" aria-invalid=\"false\" placeholder=\"T\u00e9l\u00e9phone\" value=\"\" type=\"tel\" name=\"tel-478\" \/><\/span>\n        <\/div>\n    <\/div>\n    <div class=\"col-lg-12 wow fadeInUp\">\n        <div class=\"form-clt\">\n            <span class=\"wpcf7-form-control-wrap\" data-name=\"email-879\"><input size=\"40\" maxlength=\"400\" class=\"wpcf7-form-control wpcf7-email wpcf7-validates-as-required wpcf7-text wpcf7-validates-as-email\" aria-required=\"true\" aria-invalid=\"false\" placeholder=\"Email\" value=\"\" type=\"email\" name=\"email-879\" \/><\/span>\n        <\/div>\n    <\/div>\n    <div class=\"col-lg-12 wow fadeInUp\">\n        <div class=\"form-clt\">\n            <span class=\"wpcf7-form-control-wrap\" data-name=\"textarea-515\"><textarea cols=\"40\" rows=\"10\" maxlength=\"2000\" class=\"wpcf7-form-control wpcf7-textarea\" aria-invalid=\"false\" placeholder=\"Message\" name=\"textarea-515\"><\/textarea><\/span>\n        <\/div>\n    <\/div>\n    <div class=\"col-lg-12 wow fadeInUp\">\n        <button type=\"submit\" class=\"theme-btn w-100\">\n            ENVOYER\n        <\/button>\n    <\/div>\n<\/div><div class=\"wpcf7-response-output\" aria-hidden=\"true\"><\/div>\n<\/form>\n<\/div>\n\t\t<\/div>    \r\n    <\/div>\r\n\r\n\t\r\n\r\n             \r\n\t\t\t\t\t\t<\/div>\n\t\t\t\t<\/div>\n\t\t\t\t<\/div>\n\t\t\t\t<\/div>\n\t\t\t\t\t<\/div>\n\t\t\t\t<\/div>\n\t\t\t\t<\/div>\n\t\t","protected":false},"excerpt":{"rendered":"<p>Peinture &#038; Ravalement Fa\u00e7ade Une prestation compl\u00e8te avec WH COUVERTURE Avec le temps, les fa\u00e7ades se salissent, se fissurent et perdent de leur \u00e9clat.Chez WH-Couverture, nous intervenons pour nettoyer, r\u00e9parer et embellir vos murs ext\u00e9rieurs, tout en les prot\u00e9geant durablement contre l\u2019humidit\u00e9, la pollution et les intemp\u00e9ries. \u00a0 Avant toute intervention, nous r\u00e9alisons un diagnostic<\/p>\n","protected":false},"author":2,"featured_media":0,"parent":0,"menu_order":0,"comment_status":"closed","ping_status":"closed","template":"elementor_header_footer","meta":{"inline_featured_image":false,"footnotes":""},"class_list":["post-3437","page","type-page","status-publish","hentry"],"aioseo_notices":[],"_links":{"self":[{"href":"https:\/\/www.wh-couverture.fr\/index.php?rest_route=\/wp\/v2\/pages\/3437","targetHints":{"allow":["GET"]}}],"collection":[{"href":"https:\/\/www.wh-couverture.fr\/index.php?rest_route=\/wp\/v2\/pages"}],"about":[{"href":"https:\/\/www.wh-couverture.fr\/index.php?rest_route=\/wp\/v2\/types\/page"}],"author":[{"embeddable":true,"href":"https:\/\/www.wh-couverture.fr\/index.php?rest_route=\/wp\/v2\/users\/2"}],"replies":[{"embeddable":true,"href":"https:\/\/www.wh-couverture.fr\/index.php?rest_route=%2Fwp%2Fv2%2Fcomments&post=3437"}],"version-history":[{"count":31,"href":"https:\/\/www.wh-couverture.fr\/index.php?rest_route=\/wp\/v2\/pages\/3437\/revisions"}],"predecessor-version":[{"id":5314,"href":"https:\/\/www.wh-couverture.fr\/index.php?rest_route=\/wp\/v2\/pages\/3437\/revisions\/5314"}],"wp:attachment":[{"href":"https:\/\/www.wh-couverture.fr\/index.php?rest_route=%2Fwp%2Fv2%2Fmedia&parent=3437"}],"curies":[{"name":"wp","href":"https:\/\/api.w.org\/{rel}","templated":true}]}}