{"id":3355,"date":"2025-03-20T13:23:11","date_gmt":"2025-03-20T13:23:11","guid":{"rendered":"https:\/\/www.normandie-couverture.com\/?page_id=3355"},"modified":"2025-05-28T16:27:37","modified_gmt":"2025-05-28T16:27:37","slug":"services-etancheite","status":"publish","type":"page","link":"https:\/\/www.wh-couverture.fr\/?page_id=3355","title":{"rendered":"Services Etanch\u00e9it\u00e9"},"content":{"rendered":"\t\t<div data-elementor-type=\"wp-page\" data-elementor-id=\"3355\" class=\"elementor elementor-3355\" data-elementor-settings=\"{&quot;ha_cmc_init_switcher&quot;:&quot;no&quot;}\">\n\t\t\t\t<div class=\"elementor-element elementor-element-1b09761e e-con-full e-flex e-con e-parent\" data-id=\"1b09761e\" data-element_type=\"container\" data-settings=\"{&quot;background_background&quot;:&quot;classic&quot;,&quot;_ha_eqh_enable&quot;:false}\">\n\t\t\t\t<div class=\"elementor-element elementor-element-73dd2963 elementor-widget elementor-widget-heading\" data-id=\"73dd2963\" data-element_type=\"widget\" data-widget_type=\"heading.default\">\n\t\t\t\t<div class=\"elementor-widget-container\">\n\t\t\t\t\t<h1 class=\"elementor-heading-title elementor-size-default\">Traitement & \u00c9tanch\u00e9it\u00e9 Toiture<\/h1>\t\t\t\t<\/div>\n\t\t\t\t<\/div>\n\t\t\t\t<\/div>\n\t\t<div class=\"elementor-element elementor-element-35f1fb8a e-flex e-con-boxed e-con e-parent\" data-id=\"35f1fb8a\" data-element_type=\"container\" data-settings=\"{&quot;_ha_eqh_enable&quot;:false}\">\n\t\t\t\t\t<div class=\"e-con-inner\">\n\t\t<div class=\"elementor-element elementor-element-426bdcfc e-con-full e-flex e-con e-child\" data-id=\"426bdcfc\" data-element_type=\"container\" data-settings=\"{&quot;_ha_eqh_enable&quot;:false}\">\n\t\t\t\t<div class=\"elementor-element elementor-element-7ada7c80 elementor-widget elementor-widget-text-editor\" data-id=\"7ada7c80\" data-element_type=\"widget\" data-widget_type=\"text-editor.default\">\n\t\t\t\t<div class=\"elementor-widget-container\">\n\t\t\t\t\t\t\t\t\t<p data-start=\"72\" data-end=\"244\">Quelle que soit la m\u00e9thode d\u2019\u00e9tanch\u00e9it\u00e9 choisie, WH-Couverture est votre entreprise de confiance pour tous vos travaux de toiture \u00e0 Lille et dans la m\u00e9tropole lilloise.<\/p><p data-start=\"72\" data-end=\"244\">\u00a0<\/p><p data-start=\"246\" data-end=\"450\">Nos artisans couvreurs qualifi\u00e9s mettent leur expertise \u00e0 votre service pour garantir une protection optimale contre les intemp\u00e9ries et une toiture durable, parfaitement adapt\u00e9e \u00e0 vos besoins.<\/p>\t\t\t\t\t\t\t\t<\/div>\n\t\t\t\t<\/div>\n\t\t\t\t<div class=\"elementor-element elementor-element-c7c780d elementor-widget elementor-widget-heading\" data-id=\"c7c780d\" data-element_type=\"widget\" data-widget_type=\"heading.default\">\n\t\t\t\t<div class=\"elementor-widget-container\">\n\t\t\t\t\t<h2 class=\"elementor-heading-title elementor-size-default\">Faites confiance \u00e0 WH COUVERTURE pour son expertise et ses ann\u00e9es d\u2019exp\u00e9rience\n\n<\/h2>\t\t\t\t<\/div>\n\t\t\t\t<\/div>\n\t\t\t\t<div class=\"elementor-element elementor-element-f7f4350 elementor-widget elementor-widget-text-editor\" data-id=\"f7f4350\" data-element_type=\"widget\" data-widget_type=\"text-editor.default\">\n\t\t\t\t<div class=\"elementor-widget-container\">\n\t\t\t\t\t\t\t\t\t<p data-start=\"113\" data-end=\"392\">L\u2019\u00e9tanch\u00e9it\u00e9 d\u2019un toit ne s\u2019improvise pas !<br data-start=\"159\" data-end=\"162\" \/>Chaque toiture n\u00e9cessite une technique adapt\u00e9e, en fonction de son support, des mat\u00e9riaux utilis\u00e9s et des conditions climatiques. Une v\u00e9ritable expertise est indispensable pour garantir un r\u00e9sultat durable et efficace.<\/p><p data-start=\"113\" data-end=\"392\">\u00a0<\/p><p data-start=\"394\" data-end=\"564\">Avec plus de 10 ans d\u2019exp\u00e9rience, WH-Couverture est votre partenaire de confiance \u00e0 Lille et dans toute la m\u00e9tropole lilloise pour tous vos travaux de toiture.<\/p><p data-start=\"394\" data-end=\"564\">\u00a0<\/p><p data-start=\"566\" data-end=\"712\">Nous vous proposons un service complet :<br data-start=\"610\" data-end=\"613\" \/>\u2022 \u00c9tanch\u00e9it\u00e9 de toit<br data-start=\"633\" data-end=\"636\" \/>\u2022 Nettoyage et d\u00e9moussage<br data-start=\"661\" data-end=\"664\" \/>\u2022 Traitement hydrofuge<br data-start=\"686\" data-end=\"689\" \/>\u2022 R\u00e9novation de toiture<\/p><p data-start=\"566\" data-end=\"712\">\u2022 Peinture et rev\u00eatement de fa\u00e7ade<br data-start=\"820\" data-end=\"823\" \/>\u2022 Ravalement<br data-start=\"835\" data-end=\"838\" \/>\u2022 Recoloration de toiture<\/p>\t\t\t\t\t\t\t\t<\/div>\n\t\t\t\t<\/div>\n\t\t\t\t<div class=\"elementor-element elementor-element-f20180a elementor-widget elementor-widget-image\" data-id=\"f20180a\" data-element_type=\"widget\" data-widget_type=\"image.default\">\n\t\t\t\t<div class=\"elementor-widget-container\">\n\t\t\t\t\t\t\t\t\t\t\t\t\t\t\t<img fetchpriority=\"high\" decoding=\"async\" width=\"1920\" height=\"1200\" src=\"https:\/\/www.wh-couverture.fr\/wp-content\/uploads\/2025\/03\/8702ed68f9_50178769_realisation-toit-plat-etanche.jpg\" class=\"attachment-full size-full wp-image-3241\" alt=\"\" srcset=\"https:\/\/www.wh-couverture.fr\/wp-content\/uploads\/2025\/03\/8702ed68f9_50178769_realisation-toit-plat-etanche.jpg 1920w, https:\/\/www.wh-couverture.fr\/wp-content\/uploads\/2025\/03\/8702ed68f9_50178769_realisation-toit-plat-etanche-300x188.jpg 300w, https:\/\/www.wh-couverture.fr\/wp-content\/uploads\/2025\/03\/8702ed68f9_50178769_realisation-toit-plat-etanche-1024x640.jpg 1024w, https:\/\/www.wh-couverture.fr\/wp-content\/uploads\/2025\/03\/8702ed68f9_50178769_realisation-toit-plat-etanche-768x480.jpg 768w, https:\/\/www.wh-couverture.fr\/wp-content\/uploads\/2025\/03\/8702ed68f9_50178769_realisation-toit-plat-etanche-1536x960.jpg 1536w\" sizes=\"(max-width: 1920px) 100vw, 1920px\" \/>\t\t\t\t\t\t\t\t\t\t\t\t\t\t\t<\/div>\n\t\t\t\t<\/div>\n\t\t\t\t<div class=\"elementor-element elementor-element-f79530e elementor-widget elementor-widget-text-editor\" data-id=\"f79530e\" data-element_type=\"widget\" data-widget_type=\"text-editor.default\">\n\t\t\t\t<div class=\"elementor-widget-container\">\n\t\t\t\t\t\t\t\t\t<p data-start=\"85\" data-end=\"375\">Souvent n\u00e9glig\u00e9e, la toiture est pourtant un \u00e9l\u00e9ment essentiel de votre habitation.<br data-start=\"172\" data-end=\"175\" \/>Elle assure votre confort et votre s\u00e9curit\u00e9 face aux intemp\u00e9ries, aux infiltrations et aux variations climatiques. Son entretien r\u00e9gulier est indispensable pour pr\u00e9venir toute d\u00e9gradation.<\/p><p data-start=\"85\" data-end=\"375\">\u00a0<\/p><p data-start=\"377\" data-end=\"670\">Les travaux de toiture n\u00e9cessitent un savoir-faire sp\u00e9cifique que seuls des professionnels exp\u00e9riment\u00e9s peuvent garantir.<br data-start=\"506\" data-end=\"509\" \/>Chez WH-Couverture, nous ma\u00eetrisons chaque intervention avec rigueur et efficacit\u00e9, en vous assurant des prestations rapides, durables et de qualit\u00e9.<\/p><p data-start=\"672\" data-end=\"873\">Faites-nous confiance, comme de nombreux clients dans la r\u00e9gion lilloise, et offrez \u00e0 votre toiture la protection qu\u2019elle m\u00e9rite.<br data-start=\"809\" data-end=\"812\" \/>Contactez-nous d\u00e8s aujourd\u2019hui pour un devis gratuit !<\/p>\t\t\t\t\t\t\t\t<\/div>\n\t\t\t\t<\/div>\n\t\t\t\t<div class=\"elementor-element elementor-element-7a13e7a5 elementor-widget elementor-widget-heading\" data-id=\"7a13e7a5\" data-element_type=\"widget\" data-widget_type=\"heading.default\">\n\t\t\t\t<div class=\"elementor-widget-container\">\n\t\t\t\t\t<h2 class=\"elementor-heading-title elementor-size-default\">WH COUVERTURE \u00e0 Lille \u2013 M\u00e9tropole lilloise: <p><\/p>\nVotre expert \u00e0 l\u2019\u00e9coute de tous vos besoins\n\n<\/h2>\t\t\t\t<\/div>\n\t\t\t\t<\/div>\n\t\t\t\t<div class=\"elementor-element elementor-element-23f07cee elementor-widget elementor-widget-text-editor\" data-id=\"23f07cee\" data-element_type=\"widget\" data-widget_type=\"text-editor.default\">\n\t\t\t\t<div class=\"elementor-widget-container\">\n\t\t\t\t\t\t\t\t\t<p data-start=\"81\" data-end=\"341\">WH-Couverture est \u00e0 votre service pour r\u00e9parer, entretenir et r\u00e9nover votre toiture \u00e0 Lille et dans toute la m\u00e9tropole lilloise.<\/p><p data-start=\"81\" data-end=\"341\"><br data-start=\"213\" data-end=\"216\" \/>Disponibles 7j\/7, nous intervenons rapidement avec s\u00e9rieux et professionnalisme pour r\u00e9pondre \u00e0 tous vos besoins.<\/p><p data-start=\"343\" data-end=\"671\">Avant chaque intervention, nous r\u00e9alisons un diagnostic complet de votre toiture afin de vous conseiller les r\u00e9parations les plus adapt\u00e9es.<br data-start=\"486\" data-end=\"489\" \/>Notre \u00e9quipe de couvreurs qualifi\u00e9s privil\u00e9gie des solutions sur mesure, en identifiant les d\u00e9fauts existants pour \u00e9viter des travaux lourds et co\u00fbteux lors d\u2019une r\u00e9novation.<\/p><p data-start=\"343\" data-end=\"671\">\u00a0<\/p><p data-start=\"673\" data-end=\"967\">\u00c9tanch\u00e9it\u00e9, r\u00e9paration, entretien\u2026 Confiez-nous vos projets : nous mettons tout notre savoir-faire et notre exp\u00e9rience \u00e0 votre service.<br data-start=\"820\" data-end=\"823\" \/>Notre engagement ? Un travail de qualit\u00e9 \u00e0 un prix juste, pens\u00e9 pour assurer la durabilit\u00e9 et la performance de chaque intervention.<\/p><p data-start=\"969\" data-end=\"1193\">Nous avons \u00e0 c\u0153ur de vous offrir les meilleures solutions pour votre toiture et un service \u00e0 la hauteur de vos attentes.<br data-start=\"1093\" data-end=\"1096\" \/><strong>Contactez WH-Couverture d\u00e8s aujourd\u2019hui pour un devis gratuit et une intervention rapide !<\/strong><\/p>\t\t\t\t\t\t\t\t<\/div>\n\t\t\t\t<\/div>\n\t\t\t\t<\/div>\n\t\t<div class=\"elementor-element elementor-element-484abeb7 e-con-full e-flex e-con e-child\" data-id=\"484abeb7\" data-element_type=\"container\" data-settings=\"{&quot;_ha_eqh_enable&quot;:false}\">\n\t\t<div class=\"elementor-element elementor-element-379f4004 e-con-full e-flex e-con e-child\" data-id=\"379f4004\" data-element_type=\"container\" data-settings=\"{&quot;background_background&quot;:&quot;classic&quot;,&quot;_ha_eqh_enable&quot;:false}\">\n\t\t\t\t<div class=\"elementor-element elementor-element-5c35450a elementor-widget-tablet__width-initial elementor-widget elementor-widget-ehome-contact-form-widget\" data-id=\"5c35450a\" data-element_type=\"widget\" data-widget_type=\"ehome-contact-form-widget.default\">\n\t\t\t\t<div class=\"elementor-widget-container\">\n\t\t\t\t\t\r\n\r\n\t\r\n\r\n\t<div class=\"contact-wrapper\">\r\n\t\t<div class=\"contact-items\">\r\n\t\t\t<h3>DEVIS GRATUIT<\/h3>\r\n\t\t\t\n<div class=\"wpcf7 no-js\" id=\"wpcf7-f2979-o1\" lang=\"en-US\" dir=\"ltr\" data-wpcf7-id=\"2979\">\n<div class=\"screen-reader-response\"><p role=\"status\" aria-live=\"polite\" aria-atomic=\"true\"><\/p> <ul><\/ul><\/div>\n<form action=\"\/index.php?rest_route=%2Fwp%2Fv2%2Fpages%2F3355#wpcf7-f2979-o1\" method=\"post\" class=\"wpcf7-form init\" aria-label=\"Contact form\" novalidate=\"novalidate\" data-status=\"init\">\n<div style=\"display: none;\">\n<input type=\"hidden\" name=\"_wpcf7\" value=\"2979\" \/>\n<input type=\"hidden\" name=\"_wpcf7_version\" value=\"6.0.5\" \/>\n<input type=\"hidden\" name=\"_wpcf7_locale\" value=\"en_US\" \/>\n<input type=\"hidden\" name=\"_wpcf7_unit_tag\" value=\"wpcf7-f2979-o1\" \/>\n<input type=\"hidden\" name=\"_wpcf7_container_post\" value=\"0\" \/>\n<input type=\"hidden\" name=\"_wpcf7_posted_data_hash\" value=\"\" \/>\n<\/div>\n<div class=\"row g-4\">\n    <div class=\"col-lg-12 wow fadeInUp\">\n        <div class=\"form-clt\">\n            <span class=\"wpcf7-form-control-wrap\" data-name=\"text-437\"><input size=\"40\" maxlength=\"400\" class=\"wpcf7-form-control wpcf7-text\" aria-invalid=\"false\" placeholder=\"Nom\" value=\"\" type=\"text\" name=\"text-437\" \/><\/span>           \n        <\/div>\n    <\/div>\n  \n    <div class=\"col-lg-12 wow fadeInUp\">\n        <div class=\"form-clt\">\n            <span class=\"wpcf7-form-control-wrap\" data-name=\"tel-478\"><input size=\"40\" maxlength=\"400\" class=\"wpcf7-form-control wpcf7-tel wpcf7-text wpcf7-validates-as-tel\" aria-invalid=\"false\" placeholder=\"T\u00e9l\u00e9phone\" value=\"\" type=\"tel\" name=\"tel-478\" \/><\/span>\n        <\/div>\n    <\/div>\n    <div class=\"col-lg-12 wow fadeInUp\">\n        <div class=\"form-clt\">\n            <span class=\"wpcf7-form-control-wrap\" data-name=\"email-879\"><input size=\"40\" maxlength=\"400\" class=\"wpcf7-form-control wpcf7-email wpcf7-validates-as-required wpcf7-text wpcf7-validates-as-email\" aria-required=\"true\" aria-invalid=\"false\" placeholder=\"Email\" value=\"\" type=\"email\" name=\"email-879\" \/><\/span>\n        <\/div>\n    <\/div>\n    <div class=\"col-lg-12 wow fadeInUp\">\n        <div class=\"form-clt\">\n            <span class=\"wpcf7-form-control-wrap\" data-name=\"textarea-515\"><textarea cols=\"40\" rows=\"10\" maxlength=\"2000\" class=\"wpcf7-form-control wpcf7-textarea\" aria-invalid=\"false\" placeholder=\"Message\" name=\"textarea-515\"><\/textarea><\/span>\n        <\/div>\n    <\/div>\n    <div class=\"col-lg-12 wow fadeInUp\">\n        <button type=\"submit\" class=\"theme-btn w-100\">\n            ENVOYER\n        <\/button>\n    <\/div>\n<\/div><div class=\"wpcf7-response-output\" aria-hidden=\"true\"><\/div>\n<\/form>\n<\/div>\n\t\t<\/div>    \r\n    <\/div>\r\n\r\n\t\r\n\r\n             \r\n\t\t\t\t\t\t<\/div>\n\t\t\t\t<\/div>\n\t\t\t\t<\/div>\n\t\t\t\t<\/div>\n\t\t\t\t\t<\/div>\n\t\t\t\t<\/div>\n\t\t\t\t<\/div>\n\t\t","protected":false},"excerpt":{"rendered":"<p>Traitement &#038; \u00c9tanch\u00e9it\u00e9 Toiture Quelle que soit la m\u00e9thode d\u2019\u00e9tanch\u00e9it\u00e9 choisie, WH-Couverture est votre entreprise de confiance pour tous vos travaux de toiture \u00e0 Lille et dans la m\u00e9tropole lilloise. \u00a0 Nos artisans couvreurs qualifi\u00e9s mettent leur expertise \u00e0 votre service pour garantir une protection optimale contre les intemp\u00e9ries et une toiture durable, parfaitement adapt\u00e9e<\/p>\n","protected":false},"author":2,"featured_media":0,"parent":0,"menu_order":0,"comment_status":"closed","ping_status":"closed","template":"elementor_header_footer","meta":{"inline_featured_image":false,"footnotes":""},"class_list":["post-3355","page","type-page","status-publish","hentry"],"aioseo_notices":[],"_links":{"self":[{"href":"https:\/\/www.wh-couverture.fr\/index.php?rest_route=\/wp\/v2\/pages\/3355","targetHints":{"allow":["GET"]}}],"collection":[{"href":"https:\/\/www.wh-couverture.fr\/index.php?rest_route=\/wp\/v2\/pages"}],"about":[{"href":"https:\/\/www.wh-couverture.fr\/index.php?rest_route=\/wp\/v2\/types\/page"}],"author":[{"embeddable":true,"href":"https:\/\/www.wh-couverture.fr\/index.php?rest_route=\/wp\/v2\/users\/2"}],"replies":[{"embeddable":true,"href":"https:\/\/www.wh-couverture.fr\/index.php?rest_route=%2Fwp%2Fv2%2Fcomments&post=3355"}],"version-history":[{"count":30,"href":"https:\/\/www.wh-couverture.fr\/index.php?rest_route=\/wp\/v2\/pages\/3355\/revisions"}],"predecessor-version":[{"id":5129,"href":"https:\/\/www.wh-couverture.fr\/index.php?rest_route=\/wp\/v2\/pages\/3355\/revisions\/5129"}],"wp:attachment":[{"href":"https:\/\/www.wh-couverture.fr\/index.php?rest_route=%2Fwp%2Fv2%2Fmedia&parent=3355"}],"curies":[{"name":"wp","href":"https:\/\/api.w.org\/{rel}","templated":true}]}}