{"id":3028,"date":"2025-03-20T07:58:21","date_gmt":"2025-03-20T07:58:21","guid":{"rendered":"https:\/\/www.normandie-couverture.com\/?page_id=3028"},"modified":"2025-05-28T14:52:37","modified_gmt":"2025-05-28T14:52:37","slug":"services-nettoyage","status":"publish","type":"page","link":"https:\/\/www.wh-couverture.fr\/?page_id=3028","title":{"rendered":"Services Nettoyage"},"content":{"rendered":"\t\t<div data-elementor-type=\"wp-page\" data-elementor-id=\"3028\" class=\"elementor elementor-3028\" data-elementor-settings=\"{&quot;ha_cmc_init_switcher&quot;:&quot;no&quot;}\">\n\t\t\t\t<div class=\"elementor-element elementor-element-1b09761e e-con-full e-flex e-con e-parent\" data-id=\"1b09761e\" data-element_type=\"container\" data-settings=\"{&quot;background_background&quot;:&quot;classic&quot;,&quot;_ha_eqh_enable&quot;:false}\">\n\t\t\t\t<div class=\"elementor-element elementor-element-73dd2963 elementor-widget elementor-widget-heading\" data-id=\"73dd2963\" data-element_type=\"widget\" data-widget_type=\"heading.default\">\n\t\t\t\t<div class=\"elementor-widget-container\">\n\t\t\t\t\t<h1 class=\"elementor-heading-title elementor-size-default\">Nettoyage Toiture<\/h1>\t\t\t\t<\/div>\n\t\t\t\t<\/div>\n\t\t\t\t<\/div>\n\t\t<div class=\"elementor-element elementor-element-35f1fb8a e-flex e-con-boxed e-con e-parent\" data-id=\"35f1fb8a\" data-element_type=\"container\" data-settings=\"{&quot;_ha_eqh_enable&quot;:false}\">\n\t\t\t\t\t<div class=\"e-con-inner\">\n\t\t<div class=\"elementor-element elementor-element-426bdcfc e-con-full e-flex e-con e-child\" data-id=\"426bdcfc\" data-element_type=\"container\" data-settings=\"{&quot;_ha_eqh_enable&quot;:false}\">\n\t\t\t\t<div class=\"elementor-element elementor-element-7ada7c80 elementor-widget elementor-widget-text-editor\" data-id=\"7ada7c80\" data-element_type=\"widget\" data-widget_type=\"text-editor.default\">\n\t\t\t\t<div class=\"elementor-widget-container\">\n\t\t\t\t\t\t\t\t\t<p data-start=\"112\" data-end=\"353\">Votre toit vous prot\u00e8ge des intemp\u00e9ries, mais il reste en premi\u00e8re ligne face aux agressions ext\u00e9rieures.<br data-start=\"221\" data-end=\"224\" \/>Avec le temps, salet\u00e9s, poussi\u00e8res, mousses et lichens peuvent s\u2019y installer, alt\u00e9rant son apparence et fragilisant sa structure.<\/p><p data-start=\"355\" data-end=\"529\">Pour pr\u00e9server la propret\u00e9 et la durabilit\u00e9 de votre toiture, WH-Couverture vous propose un nettoyage professionnel, efficace et adapt\u00e9 \u00e0 tous types de toits.<\/p>\t\t\t\t\t\t\t\t<\/div>\n\t\t\t\t<\/div>\n\t\t\t\t<div class=\"elementor-element elementor-element-7a13e7a5 elementor-widget elementor-widget-heading\" data-id=\"7a13e7a5\" data-element_type=\"widget\" data-widget_type=\"heading.default\">\n\t\t\t\t<div class=\"elementor-widget-container\">\n\t\t\t\t\t<h2 class=\"elementor-heading-title elementor-size-default\">WH COUVERTURE : \n<p><\/p>\nVotre sp\u00e9cialiste nettoyage & d\u00e9moussage<\/h2>\t\t\t\t<\/div>\n\t\t\t\t<\/div>\n\t\t\t\t<div class=\"elementor-element elementor-element-23f07cee elementor-widget elementor-widget-text-editor\" data-id=\"23f07cee\" data-element_type=\"widget\" data-widget_type=\"text-editor.default\">\n\t\t\t\t<div class=\"elementor-widget-container\">\n\t\t\t\t\t\t\t\t\t<p data-start=\"86\" data-end=\"210\">L\u2019entretien r\u00e9gulier de votre toiture est essentiel pour pr\u00e9server son \u00e9tanch\u00e9it\u00e9 et sa durabilit\u00e9 face aux intemp\u00e9ries.<\/p><p data-start=\"212\" data-end=\"371\">WH-Couverture, sp\u00e9cialiste des travaux de couverture, de nettoyage et de d\u00e9moussage de toiture, intervient \u00e0 Lille et dans toute la m\u00e9tropole lilloise.<\/p><p data-start=\"212\" data-end=\"371\">\u00a0<\/p><p data-start=\"373\" data-end=\"567\">Gr\u00e2ce \u00e0 une \u00e9quipe de professionnels exp\u00e9riment\u00e9s, nous r\u00e9pondons \u00e0 toutes vos demandes :<br data-start=\"462\" data-end=\"465\" \/>r\u00e9novation compl\u00e8te, traitement hydrofuge protecteur, nettoyage en profondeur ou d\u00e9moussage cibl\u00e9.<\/p>\t\t\t\t\t\t\t\t<\/div>\n\t\t\t\t<\/div>\n\t\t\t\t<div class=\"elementor-element elementor-element-03092da elementor-widget elementor-widget-image\" data-id=\"03092da\" data-element_type=\"widget\" data-widget_type=\"image.default\">\n\t\t\t\t<div class=\"elementor-widget-container\">\n\t\t\t\t\t\t\t\t\t\t\t\t\t\t\t<img fetchpriority=\"high\" decoding=\"async\" width=\"570\" height=\"421\" src=\"https:\/\/www.wh-couverture.fr\/wp-content\/uploads\/2025\/03\/nettoyage-toiture-eau.jpg\" class=\"attachment-full size-full wp-image-3478\" alt=\"\" srcset=\"https:\/\/www.wh-couverture.fr\/wp-content\/uploads\/2025\/03\/nettoyage-toiture-eau.jpg 570w, https:\/\/www.wh-couverture.fr\/wp-content\/uploads\/2025\/03\/nettoyage-toiture-eau-300x222.jpg 300w\" sizes=\"(max-width: 570px) 100vw, 570px\" \/>\t\t\t\t\t\t\t\t\t\t\t\t\t\t\t<\/div>\n\t\t\t\t<\/div>\n\t\t\t\t<div class=\"elementor-element elementor-element-502bdde elementor-widget elementor-widget-heading\" data-id=\"502bdde\" data-element_type=\"widget\" data-widget_type=\"heading.default\">\n\t\t\t\t<div class=\"elementor-widget-container\">\n\t\t\t\t\t<h2 class=\"elementor-heading-title elementor-size-default\">Nettoyage par WH COUVERTURE, votre expert en toiture \u00e0 Lille et alentours<\/h2>\t\t\t\t<\/div>\n\t\t\t\t<\/div>\n\t\t\t\t<div class=\"elementor-element elementor-element-7a52d1f1 elementor-widget elementor-widget-text-editor\" data-id=\"7a52d1f1\" data-element_type=\"widget\" data-widget_type=\"text-editor.default\">\n\t\t\t\t<div class=\"elementor-widget-container\">\n\t\t\t\t\t\t\t\t\t<p data-start=\"83\" data-end=\"517\">Le toit est l\u2019un des \u00e9l\u00e9ments cl\u00e9s de votre maison.<br data-start=\"138\" data-end=\"141\" \/>Pour garantir sa long\u00e9vit\u00e9 et pr\u00e9server son \u00e9tanch\u00e9it\u00e9, un entretien r\u00e9gulier s\u2019impose. Un nettoyage bien r\u00e9alis\u00e9 permet non seulement de conserver l\u2019esth\u00e9tique de votre toiture, mais aussi de pr\u00e9venir les d\u00e9gradations caus\u00e9es par la mousse, le lichen ou les impuret\u00e9s.<br data-start=\"414\" data-end=\"417\" \/>Il est toutefois essentiel d\u2019utiliser des produits adapt\u00e9s pour ne pas endommager les mat\u00e9riaux.<\/p><p data-start=\"83\" data-end=\"517\">\u00a0<\/p><p data-start=\"519\" data-end=\"964\">WH-Couverture intervient \u00e0 Lille et dans toute la m\u00e9tropole lilloise pour vous proposer un nettoyage de toiture efficace, soign\u00e9 et durable.<br data-start=\"671\" data-end=\"674\" \/>Contrairement aux produits agressifs comme la javel, qui peuvent fragiliser les tuiles, nous utilisons des traitements anti-mousse performants et des solutions hydrofuges professionnelles, con\u00e7ues pour prot\u00e9ger votre toit durablement et renforcer sa r\u00e9sistance face aux intemp\u00e9ries.<\/p>\t\t\t\t\t\t\t\t<\/div>\n\t\t\t\t<\/div>\n\t\t\t\t<div class=\"elementor-element elementor-element-2c9a935 elementor-widget elementor-widget-heading\" data-id=\"2c9a935\" data-element_type=\"widget\" data-widget_type=\"heading.default\">\n\t\t\t\t<div class=\"elementor-widget-container\">\n\t\t\t\t\t<h2 class=\"elementor-heading-title elementor-size-default\">Une \u00e9tanch\u00e9it\u00e9 optimale avec WH COUVERTURE votre sp\u00e9cialiste toiture en  r\u00e9gion Lilloise<\/h2>\t\t\t\t<\/div>\n\t\t\t\t<\/div>\n\t\t\t\t<div class=\"elementor-element elementor-element-3996dd39 elementor-widget elementor-widget-text-editor\" data-id=\"3996dd39\" data-element_type=\"widget\" data-widget_type=\"text-editor.default\">\n\t\t\t\t<div class=\"elementor-widget-container\">\n\t\t\t\t\t\t\t\t\t<p data-start=\"87\" data-end=\"336\">Un nettoyage de toiture ne se termine jamais sans un traitement hydrofuge \u2014 essentiel pour assurer une \u00e9tanch\u00e9it\u00e9 durable.<br data-start=\"213\" data-end=\"216\" \/>Un toit bien prot\u00e9g\u00e9 emp\u00eache l\u2019humidit\u00e9 de s\u2019infiltrer, pr\u00e9servant ainsi votre int\u00e9rieur des fuites et des d\u00e9gradations.<\/p><p data-start=\"338\" data-end=\"560\">Les traitements hydrofuges forment une barri\u00e8re invisible contre l\u2019eau et l\u2019humidit\u00e9. Appliqu\u00e9s \u00e0 la brosse ou par pulv\u00e9risation, ils prolongent la dur\u00e9e de vie de votre toiture tout en conservant son aspect d\u2019origine.<\/p><p data-start=\"338\" data-end=\"560\">\u00a0<\/p><p data-start=\"562\" data-end=\"888\">WH-Couverture intervient \u00e0 Lille et dans un rayon de 50 km pour vous proposer des solutions durables, efficaces et adapt\u00e9es \u00e0 tous types de toitures.<br data-start=\"723\" data-end=\"726\" \/>Nos produits sont rigoureusement s\u00e9lectionn\u00e9s pour renforcer l\u2019imperm\u00e9abilit\u00e9 de votre toit et le prot\u00e9ger durablement des effets du temps et des intemp\u00e9ries.<\/p>\t\t\t\t\t\t\t\t<\/div>\n\t\t\t\t<\/div>\n\t\t\t\t<\/div>\n\t\t<div class=\"elementor-element elementor-element-484abeb7 e-con-full e-flex e-con e-child\" data-id=\"484abeb7\" data-element_type=\"container\" data-settings=\"{&quot;_ha_eqh_enable&quot;:false}\">\n\t\t<div class=\"elementor-element elementor-element-379f4004 e-con-full e-flex e-con e-child\" data-id=\"379f4004\" data-element_type=\"container\" data-settings=\"{&quot;background_background&quot;:&quot;classic&quot;,&quot;_ha_eqh_enable&quot;:false}\">\n\t\t\t\t<div class=\"elementor-element elementor-element-5c35450a elementor-widget-tablet__width-initial elementor-widget elementor-widget-ehome-contact-form-widget\" data-id=\"5c35450a\" data-element_type=\"widget\" data-widget_type=\"ehome-contact-form-widget.default\">\n\t\t\t\t<div class=\"elementor-widget-container\">\n\t\t\t\t\t\r\n\r\n\t\r\n\r\n\t<div class=\"contact-wrapper\">\r\n\t\t<div class=\"contact-items\">\r\n\t\t\t<h3>DEVIS GRATUIT<\/h3>\r\n\t\t\t\n<div class=\"wpcf7 no-js\" id=\"wpcf7-f2979-o1\" lang=\"en-US\" dir=\"ltr\" data-wpcf7-id=\"2979\">\n<div class=\"screen-reader-response\"><p role=\"status\" aria-live=\"polite\" aria-atomic=\"true\"><\/p> <ul><\/ul><\/div>\n<form action=\"\/index.php?rest_route=%2Fwp%2Fv2%2Fpages%2F3028#wpcf7-f2979-o1\" method=\"post\" class=\"wpcf7-form init\" aria-label=\"Contact form\" novalidate=\"novalidate\" data-status=\"init\">\n<div style=\"display: none;\">\n<input type=\"hidden\" name=\"_wpcf7\" value=\"2979\" \/>\n<input type=\"hidden\" name=\"_wpcf7_version\" value=\"6.0.5\" \/>\n<input type=\"hidden\" name=\"_wpcf7_locale\" value=\"en_US\" \/>\n<input type=\"hidden\" name=\"_wpcf7_unit_tag\" value=\"wpcf7-f2979-o1\" \/>\n<input type=\"hidden\" name=\"_wpcf7_container_post\" value=\"0\" \/>\n<input type=\"hidden\" name=\"_wpcf7_posted_data_hash\" value=\"\" \/>\n<\/div>\n<div class=\"row g-4\">\n    <div class=\"col-lg-12 wow fadeInUp\">\n        <div class=\"form-clt\">\n            <span class=\"wpcf7-form-control-wrap\" data-name=\"text-437\"><input size=\"40\" maxlength=\"400\" class=\"wpcf7-form-control wpcf7-text\" aria-invalid=\"false\" placeholder=\"Nom\" value=\"\" type=\"text\" name=\"text-437\" \/><\/span>           \n        <\/div>\n    <\/div>\n  \n    <div class=\"col-lg-12 wow fadeInUp\">\n        <div class=\"form-clt\">\n            <span class=\"wpcf7-form-control-wrap\" data-name=\"tel-478\"><input size=\"40\" maxlength=\"400\" class=\"wpcf7-form-control wpcf7-tel wpcf7-text wpcf7-validates-as-tel\" aria-invalid=\"false\" placeholder=\"T\u00e9l\u00e9phone\" value=\"\" type=\"tel\" name=\"tel-478\" \/><\/span>\n        <\/div>\n    <\/div>\n    <div class=\"col-lg-12 wow fadeInUp\">\n        <div class=\"form-clt\">\n            <span class=\"wpcf7-form-control-wrap\" data-name=\"email-879\"><input size=\"40\" maxlength=\"400\" class=\"wpcf7-form-control wpcf7-email wpcf7-validates-as-required wpcf7-text wpcf7-validates-as-email\" aria-required=\"true\" aria-invalid=\"false\" placeholder=\"Email\" value=\"\" type=\"email\" name=\"email-879\" \/><\/span>\n        <\/div>\n    <\/div>\n    <div class=\"col-lg-12 wow fadeInUp\">\n        <div class=\"form-clt\">\n            <span class=\"wpcf7-form-control-wrap\" data-name=\"textarea-515\"><textarea cols=\"40\" rows=\"10\" maxlength=\"2000\" class=\"wpcf7-form-control wpcf7-textarea\" aria-invalid=\"false\" placeholder=\"Message\" name=\"textarea-515\"><\/textarea><\/span>\n        <\/div>\n    <\/div>\n    <div class=\"col-lg-12 wow fadeInUp\">\n        <button type=\"submit\" class=\"theme-btn w-100\">\n            ENVOYER\n        <\/button>\n    <\/div>\n<\/div><div class=\"wpcf7-response-output\" aria-hidden=\"true\"><\/div>\n<\/form>\n<\/div>\n\t\t<\/div>    \r\n    <\/div>\r\n\r\n\t\r\n\r\n             \r\n\t\t\t\t\t\t<\/div>\n\t\t\t\t<\/div>\n\t\t\t\t<\/div>\n\t\t\t\t<\/div>\n\t\t\t\t\t<\/div>\n\t\t\t\t<\/div>\n\t\t\t\t<\/div>\n\t\t","protected":false},"excerpt":{"rendered":"<p>Nettoyage Toiture Votre toit vous prot\u00e8ge des intemp\u00e9ries, mais il reste en premi\u00e8re ligne face aux agressions ext\u00e9rieures.Avec le temps, salet\u00e9s, poussi\u00e8res, mousses et lichens peuvent s\u2019y installer, alt\u00e9rant son apparence et fragilisant sa structure. Pour pr\u00e9server la propret\u00e9 et la durabilit\u00e9 de votre toiture, WH-Couverture vous propose un nettoyage professionnel, efficace et adapt\u00e9 \u00e0<\/p>\n","protected":false},"author":2,"featured_media":0,"parent":0,"menu_order":0,"comment_status":"closed","ping_status":"closed","template":"elementor_header_footer","meta":{"inline_featured_image":false,"footnotes":""},"class_list":["post-3028","page","type-page","status-publish","hentry"],"aioseo_notices":[],"_links":{"self":[{"href":"https:\/\/www.wh-couverture.fr\/index.php?rest_route=\/wp\/v2\/pages\/3028","targetHints":{"allow":["GET"]}}],"collection":[{"href":"https:\/\/www.wh-couverture.fr\/index.php?rest_route=\/wp\/v2\/pages"}],"about":[{"href":"https:\/\/www.wh-couverture.fr\/index.php?rest_route=\/wp\/v2\/types\/page"}],"author":[{"embeddable":true,"href":"https:\/\/www.wh-couverture.fr\/index.php?rest_route=\/wp\/v2\/users\/2"}],"replies":[{"embeddable":true,"href":"https:\/\/www.wh-couverture.fr\/index.php?rest_route=%2Fwp%2Fv2%2Fcomments&post=3028"}],"version-history":[{"count":24,"href":"https:\/\/www.wh-couverture.fr\/index.php?rest_route=\/wp\/v2\/pages\/3028\/revisions"}],"predecessor-version":[{"id":5039,"href":"https:\/\/www.wh-couverture.fr\/index.php?rest_route=\/wp\/v2\/pages\/3028\/revisions\/5039"}],"wp:attachment":[{"href":"https:\/\/www.wh-couverture.fr\/index.php?rest_route=%2Fwp%2Fv2%2Fmedia&parent=3028"}],"curies":[{"name":"wp","href":"https:\/\/api.w.org\/{rel}","templated":true}]}}